{"id":115,"date":"2025-02-21T12:49:21","date_gmt":"2025-02-21T11:49:21","guid":{"rendered":"https:\/\/lange-reiki.de\/?page_id=115"},"modified":"2025-02-26T06:07:17","modified_gmt":"2025-02-26T05:07:17","slug":"agb","status":"publish","type":"page","link":"https:\/\/lange-reiki.de\/index.php\/agb\/","title":{"rendered":"AGB"},"content":{"rendered":"<p><strong>\u00a71 Anbieterkennzeichnung<\/strong><\/p>\n<p>Axel Lange (Inhaber)<\/p>\n<p>Firmenangaben<br \/>\nAxel Lange<br \/>\nUmSt.-Identnr.: DExxxxx<\/p>\n<p>Postanschrift<br \/>\nZur Kuppa 7<br \/>\n15913 Klein Leine<\/p>\n<p>Kontakt<br \/>\nTelefon: 035471 &#8211; 80 96 21<br \/>\nE-Mail: office[at]lange-reiki.de<br \/>\nInternet: www.lange-reiki.de<\/p>\n<p><strong>\u00a72 Geltungsbereich<\/strong><\/p>\n<p>F\u00fcr die Gesch\u00e4ftsbeziehung zwischen dem Lange-Reiki.de-Service und dem Patienten gelten ausschlie\u00dflich die hier abgedruckten Allgemeinen Gesch\u00e4ftsbedingungen in ihrer zum Zeitpunkt der behandlung g\u00fcltigen Fassung.<\/p>\n<p><strong>\u00a73 Vertragsabschluss<\/strong><\/p>\n<p>Bei einer Zusage <em>(schriftlich oder per handschlag)<\/em> schlie\u00dfen Sie einen Vertrag mit dem Lange-Reiki.de-Service. Bei elektronischen Terminvereinbarung werden Sie umgehend \u00fcber den Eingang Ihrer Terminvereinbarung mit einer als \u201eBest\u00e4tigung Ihres Termins\u201c bezeichneten E-Mail informiert. Die Auftragsbest\u00e4tigung erfolgt automatisch und stellt noch keine Vertragsannahme dar.<\/p>\n<p><strong>\u00a74 Vorbehalt der Nichtverf\u00fcgbarkeit<\/strong><\/p>\n<p>Wir behalten uns vor, von einer Ausf\u00fchrung Ihrer Terminvereinbarung \/ Bestellung abzusehen, wenn wir den bestellten Termin nicht zur Verf\u00fcgung steht. In diesem Fall werden wir Sie unverz\u00fcglich \u00fcber die Nichtverf\u00fcgbarkeit des Termins informieren und einen gegebenenfalls von Ihnen bereits bezahlten Service-Preis unverz\u00fcglich r\u00fcckerstatten.<\/p>\n<p><strong>\u00a75 Zahlung<\/strong><\/p>\n<p>Der Servicepreis ist f\u00e4llig ohne Abzug in Bar, bevor die behandlung vor Ort beginnt, ein nicht einhalten ohne Termin absage Ihrerseits, behalten wir uns das recht vor eine sogenannte ausfallgeb\u00fchr in Rechnung zu stellen.<\/p>\n<p><strong>\u00a76 Gew\u00e4hrleistung<\/strong><\/p>\n<p>Es gilt das gesetzliche M\u00e4ngelhaftungsrecht.<\/p>\n<p><strong>\u00a77 Haftung<\/strong><\/p>\n<p>Der Lange-Reiki.de-Service haftet mit folgenden Einschr\u00e4nkungen f\u00fcr Schadenersatz nach den gesetzlichen Vorschriften. Der Lange-Reiki.de-Service haftet nicht f\u00fcr Schadenersatz bei leicht fahrl\u00e4ssiger Pflichtverletzung, soweit nicht ein Schaden aus der Verletzung des Lebens, des K\u00f6rpers oder der Gesundheit eingetreten ist.<\/p>\n<p>Die Haftung bei leichter Fahrl\u00e4ssigkeit besteht au\u00dferdem f\u00fcr vertragstypische und vorhersehbare Sch\u00e4den, wenn die Verletzung von Pflichten vorliegt, deren Erf\u00fcllung die ordnungsgem\u00e4\u00dfe Durchf\u00fchrung des Vertrages \u00fcberhaupt erst erm\u00f6glicht und auf deren Einhaltung Sie sich als Kunde regelm\u00e4\u00dfig verlassen k\u00f6nnen. Dies gilt auch f\u00fcr eine Schadensverursachung durch einen gesetzlichen Vertreter oder einen Erf\u00fcllungsgehilfen des Lange-Reiki.de-Service.<br \/>\nNicht eingeschr\u00e4nkt sind Anspr\u00fcche nach dem Produkthaftungsgesetz.<\/p>\n<p><strong>\u00a78 Widerrufsrecht<\/strong><\/p>\n<p>Sie k\u00f6nnen Ihre Termin-Vertragserkl\u00e4rung innerhalb von 3 Tagen ohne Angabe von Gr\u00fcnden in Textform (Email oder Telefon) vor Fristablauf veranlassen.<br \/>\nDer Widerruf ist zu richten an:<\/p>\n<p><strong>Lange-Reiki.de-Service<\/strong><br \/>\nAxel Lange<br \/>\nZur Kuppa 7<br \/>\nD-10913 Klein Leine<br \/>\nE-Mail: office[@]Lange-Reiki.de<br \/>\noder per Handy 0151 53 53 31 39<\/p>\n<p>Ein Widerrufsrecht besteht nicht bei Lange-Reiki.de-Serviceleistungen die bereits ausgef\u00fchrt wurden.<\/p>\n<p><strong>\u00a79 Datenschutzerkl\u00e4rung<\/strong><\/p>\n<p>Die Erhebung, Verarbeitung und Nutzung der personenbezogenen Daten erfolgt im Rahmen des f\u00fcr die Erf\u00fcllung der Kundenbestellung erforderlichen und zwar nach den Grunds\u00e4tzen der Datenvermeidung und der Datensparsamkeit. Die Daten werden zur ordnungsgem\u00e4\u00dfen Abwicklung des Bestellvorganges einschlie\u00dflich der Auslieferung und Abrechnung erhoben. Mit Absendung seiner Bestellung erkl\u00e4rt sich der Kunde mit der Verarbeitung der \u00fcbermittelten personenbezogenen Daten im Rahmen der o.g. Bestellbearbeitung, Auslieferung und Abrechnung einverstanden. Eine \u00dcbermittlung der personenbezogenen Daten an Dritte erfolgt nur nach vorheriger Zustimmung des Kunden. Der Kunde erkl\u00e4rt sich mit der \u00dcbermittlung seiner personenbezogenen Daten an ein Inkassounternehmen, das in gleichem Ma\u00dfe an die Einhaltung der datenschutzrechtlichen Vorschriften gebunden ist, einverstanden.<\/p>\n<p><strong>\u00a710 Anwendbares Recht und Gerichtsstand<\/strong><\/p>\n<p>Es gilt das Recht der Bundesrepublik Deutschland unter Ausschluss des UN-Kaufrechts.<br \/>\nIst der Besteller Kaufmann oder juristische Person des \u00f6ffentlichen Rechts, ist ausschlie\u00dflicher Gerichtsstand f\u00fcr alle Streitigkeiten aus dem Vertragsverh\u00e4ltnis das f\u00fcr unseren Firmensitz Augustdorf zust\u00e4ndige Gericht.<\/p>\n<p><span style=\"color: #999999;\"><em>Stand 20.02. 2025<\/em><\/span><\/p>\n","protected":false},"excerpt":{"rendered":"<p>\u00a71 Anbieterkennzeichnung Axel Lange (Inhaber) Firmenangaben Axel Lange UmSt.-Identnr.: DExxxxx Postanschrift Zur Kuppa 7 15913 Klein Leine Kontakt Telefon: 035471 &#8211; 80 96 21 E-Mail: office[at]lange-reiki.de Internet: www.lange-reiki.de \u00a72 Geltungsbereich F\u00fcr die Gesch\u00e4ftsbeziehung zwischen dem Lange-Reiki.de-Service und dem Patienten gelten ausschlie\u00dflich die hier abgedruckten Allgemeinen Gesch\u00e4ftsbedingungen in ihrer zum Zeitpunkt der behandlung g\u00fcltigen Fassung. \u00a73 [&hellip;]<\/p>\n","protected":false},"author":1,"featured_media":0,"parent":0,"menu_order":0,"comment_status":"closed","ping_status":"closed","template":"","meta":{"slim_seo":{"noindex":"1","title":"AGB - Beim Lange","description":"\u00a71 Anbieterkennzeichnung Axel Lange (Inhaber) Firmenangaben Axel Lange UmSt.-Identnr.: DExxxxx Postanschrift Zur Kuppa 7 15913 Klein Leine Kontakt Telefon: 0354"},"footnotes":""},"class_list":["post-115","page","type-page","status-publish","hentry"],"_links":{"self":[{"href":"https:\/\/lange-reiki.de\/index.php\/wp-json\/wp\/v2\/pages\/115","targetHints":{"allow":["GET"]}}],"collection":[{"href":"https:\/\/lange-reiki.de\/index.php\/wp-json\/wp\/v2\/pages"}],"about":[{"href":"https:\/\/lange-reiki.de\/index.php\/wp-json\/wp\/v2\/types\/page"}],"author":[{"embeddable":true,"href":"https:\/\/lange-reiki.de\/index.php\/wp-json\/wp\/v2\/users\/1"}],"replies":[{"embeddable":true,"href":"https:\/\/lange-reiki.de\/index.php\/wp-json\/wp\/v2\/comments?post=115"}],"version-history":[{"count":2,"href":"https:\/\/lange-reiki.de\/index.php\/wp-json\/wp\/v2\/pages\/115\/revisions"}],"predecessor-version":[{"id":882,"href":"https:\/\/lange-reiki.de\/index.php\/wp-json\/wp\/v2\/pages\/115\/revisions\/882"}],"wp:attachment":[{"href":"https:\/\/lange-reiki.de\/index.php\/wp-json\/wp\/v2\/media?parent=115"}],"curies":[{"name":"wp","href":"https:\/\/api.w.org\/{rel}","templated":true}]}}