{"id":248,"date":"2015-02-23T13:02:46","date_gmt":"2015-02-23T13:02:46","guid":{"rendered":"https:\/\/xml-io.proteusthemes.com\/mentalpress\/?page_id=248"},"modified":"2025-02-25T16:52:09","modified_gmt":"2025-02-25T15:52:09","slug":"frequently-asked-questions","status":"publish","type":"page","link":"https:\/\/lange-reiki.de\/index.php\/frequently-asked-questions\/","title":{"rendered":"FAQs"},"content":{"rendered":"<p><img loading=\"lazy\" decoding=\"async\" class=\"wp-image-111 size-full alignleft\" src=\"https:\/\/lange-reiki.de\/wp-content\/uploads\/2025\/02\/3bc60e64ccd8ec0761260c3fccfe1a0d3ff67e3f_w1000.png\" alt=\"3bc60e64ccd8ec0761260c3fccfe1a0d3ff67e3f W1000\" width=\"1000\" height=\"187\" srcset=\"https:\/\/lange-reiki.de\/wp-content\/uploads\/2025\/02\/3bc60e64ccd8ec0761260c3fccfe1a0d3ff67e3f_w1000.png 1000w, https:\/\/lange-reiki.de\/wp-content\/uploads\/2025\/02\/3bc60e64ccd8ec0761260c3fccfe1a0d3ff67e3f_w1000-300x56.png 300w, https:\/\/lange-reiki.de\/wp-content\/uploads\/2025\/02\/3bc60e64ccd8ec0761260c3fccfe1a0d3ff67e3f_w1000-768x144.png 768w, https:\/\/lange-reiki.de\/wp-content\/uploads\/2025\/02\/3bc60e64ccd8ec0761260c3fccfe1a0d3ff67e3f_w1000-600x112.png 600w\" sizes=\"auto, (max-width: 1000px) 100vw, 1000px\" \/><\/p>\n<h4><\/h4>\n<h4><\/h4>\n<p>&nbsp;<\/p>\n<h4><\/h4>\n<p>&nbsp;<\/p>\n<p>&nbsp;<\/p>\n<p>&nbsp;<\/p>\n<p>&nbsp;<\/p>\n<h4><\/h4>\n<p>&nbsp;<\/p>\n<h4><\/h4>\n<h4>Was ist Reiki?<\/h4>\n<p>Reiki ist eine Art von Energietherapie die ihren Ursprung in Japan hat. Beim Reiki versuchen die Therapeuten, die Energie \u00fcber ihre H\u00e4nde im K\u00f6rper der Person in Energiebewegungen umzuwandeln, um die Heilung zu f\u00f6rdern. Die Person wird vom Therapeuten entweder gar nicht oder nur leicht ber\u00fchrt.<\/p>\n<p>Reiki wurde bei Schmerzen, Arthritis, Krebs und affektiven St\u00f6rungen mit untersucht, wobei nicht ausreichend nachgewiesen werden konnte, dass die Therapie wirksam ist. Sie scheint aber unbedenklich zu sein.<\/p>\n<h4>Was macht man beim Reiki?<\/h4>\n<p>Reiki ist ein esoterisches Konzept, nach dem durch Auflegen der H\u00e4nde als eine Form von K\u00f6rperkontakt und eine spezielle Symbolarbeit Einfluss auf die Gesundheit eines so behandelten Individuums genommen werden soll.<\/p>\n<h4>F\u00fcr was ist Reiki gut?<\/h4>\n<p>Durch eine Reiki-Behandlung soll der Energiefluss angeregt werden \u2013 denn je mehr Energie im K\u00f6rper flie\u00dft, desto ges\u00fcnder ist das f\u00fcr den Menschen. Reiki soll also das k\u00f6rperliche Wohlbefinden steigern, Krankheiten vorbeugen und heilend wirken.<\/p>\n<h4>Ist Reiki wissenschaftlich belegt?<\/h4>\n<p>Die Wirksamkeit von Reiki ist wissenschaftlich bewiesen und von der Weltgesundheitsorganisation seit 2007 anerkannt! Du kannst Reiki an dir selbst und an anderen anwenden. Dabei wird auf jegliche \u201eManipulation\u201c wie Druckaus\u00fcbung, Massage, Medikamente, Kinesiologie Tapes o. 16.04.2024<\/p>\n<h4>Wie f\u00fchlt man sich nach einer Reiki-Behandlung?<\/h4>\n<p>Zwar bleibt Reiki bislang den wissenschaftlichen Beleg f\u00fcr seine Wirksamkeit schuldig, trotzdem f\u00fchlen sich die Patienten nach einer Sitzung beruhigt, entspannt und f\u00fchlen weniger Schmerzen.<\/p>\n<h4>F\u00fcr wen ist Reiki gut?<\/h4>\n<p>Jeder kann von Reiki profitieren! Es handelt sich um eine sanfte, nicht invasive Form der Heilung, die bei Menschen jeden Alters \u2013 vom S\u00e4ugling bis zum Senior \u2013 sowie bei Haustieren angewendet werden kann.<\/p>\n","protected":false},"excerpt":{"rendered":"<p>&nbsp; &nbsp; &nbsp; &nbsp; &nbsp; &nbsp; Was ist Reiki? Reiki ist eine Art von Energietherapie die ihren Ursprung in Japan hat. Beim Reiki versuchen die Therapeuten, die Energie \u00fcber ihre H\u00e4nde im K\u00f6rper der Person in Energiebewegungen umzuwandeln, um die Heilung zu f\u00f6rdern. Die Person wird vom Therapeuten entweder gar nicht oder nur leicht ber\u00fchrt. [&hellip;]<\/p>\n","protected":false},"author":1,"featured_media":0,"parent":0,"menu_order":5,"comment_status":"closed","ping_status":"closed","template":"","meta":{"slim_seo":{"title":"FAQs - Beim Lange","description":"&nbsp; &nbsp; &nbsp; &nbsp; &nbsp; &nbsp; Was ist Reiki? Reiki ist eine Art von Energietherapie die ihren Ursprung in Japan hat. Beim Reiki versuchen die Therap"},"footnotes":""},"class_list":["post-248","page","type-page","status-publish","hentry"],"_links":{"self":[{"href":"https:\/\/lange-reiki.de\/index.php\/wp-json\/wp\/v2\/pages\/248","targetHints":{"allow":["GET"]}}],"collection":[{"href":"https:\/\/lange-reiki.de\/index.php\/wp-json\/wp\/v2\/pages"}],"about":[{"href":"https:\/\/lange-reiki.de\/index.php\/wp-json\/wp\/v2\/types\/page"}],"author":[{"embeddable":true,"href":"https:\/\/lange-reiki.de\/index.php\/wp-json\/wp\/v2\/users\/1"}],"replies":[{"embeddable":true,"href":"https:\/\/lange-reiki.de\/index.php\/wp-json\/wp\/v2\/comments?post=248"}],"version-history":[{"count":7,"href":"https:\/\/lange-reiki.de\/index.php\/wp-json\/wp\/v2\/pages\/248\/revisions"}],"predecessor-version":[{"id":834,"href":"https:\/\/lange-reiki.de\/index.php\/wp-json\/wp\/v2\/pages\/248\/revisions\/834"}],"wp:attachment":[{"href":"https:\/\/lange-reiki.de\/index.php\/wp-json\/wp\/v2\/media?parent=248"}],"curies":[{"name":"wp","href":"https:\/\/api.w.org\/{rel}","templated":true}]}}