{"id":36,"date":"2025-02-21T07:30:21","date_gmt":"2025-02-21T06:30:21","guid":{"rendered":"https:\/\/lange-reiki.de\/index.php\/front_page\/"},"modified":"2026-01-31T01:26:27","modified_gmt":"2026-01-31T00:26:27","slug":"front_page","status":"publish","type":"page","link":"https:\/\/lange-reiki.de\/","title":{"rendered":"Startseite"},"content":{"rendered":"\r\n\r\n\r\n\r\n\r\n\r\n\r\n\r\n\r\n<p style=\"text-align: center;\" data-id=\"1e451978\/1\">Der Beruf des sogenannten \u201e<strong>Knochenbrechers<\/strong>\u201c ist eine volkst\u00fcmliche Bezeichnung f\u00fcr eine T\u00e4tigkeit, die mit der traditionellen Heilkunde in Verbindung steht.<\/p>\r\n<p style=\"text-align: center;\" data-id=\"1e451978\/4\">Knochenbrecher arbeiten \u00e4hnlich wie Chiropraktiker oder Osteopathen, wobei sie sich auf das Einrenken von Gelenken, das L\u00f6sen von Verspannungen und die Behandlung von Beschwerden im Bewegungsapparat konzentrieren.<\/p>\r\n<p style=\"text-align: center;\" data-id=\"1e451978\/3\">Sie sind vor allem in l\u00e4ndlichen Regionen Deutschlands bekannt und oft seit Generationen in Familien weitergegeben worden.<\/p>\r\n<p><img loading=\"lazy\" decoding=\"async\" class=\"wp-image-896 size-large aligncenter\" src=\"https:\/\/lange-reiki.de\/wp-content\/uploads\/2026\/01\/Briefkopf-16x3-1-1024x192.png\" alt=\"Briefkopf 16x3\" width=\"1024\" height=\"192\" srcset=\"https:\/\/lange-reiki.de\/wp-content\/uploads\/2026\/01\/Briefkopf-16x3-1-1024x192.png 1024w, https:\/\/lange-reiki.de\/wp-content\/uploads\/2026\/01\/Briefkopf-16x3-1-300x56.png 300w, https:\/\/lange-reiki.de\/wp-content\/uploads\/2026\/01\/Briefkopf-16x3-1-768x144.png 768w, https:\/\/lange-reiki.de\/wp-content\/uploads\/2026\/01\/Briefkopf-16x3-1-1536x288.png 1536w, https:\/\/lange-reiki.de\/wp-content\/uploads\/2026\/01\/Briefkopf-16x3-1-2048x384.png 2048w, https:\/\/lange-reiki.de\/wp-content\/uploads\/2026\/01\/Briefkopf-16x3-1-1500x281.png 1500w, https:\/\/lange-reiki.de\/wp-content\/uploads\/2026\/01\/Briefkopf-16x3-1-705x132.png 705w\" sizes=\"auto, (max-width: 1024px) 100vw, 1024px\" \/><\/p>\r\n<p style=\"text-align: center;\">Da \u201eKnochenbrecher\u201c oft keine formale medizinische Ausbildung haben, k\u00f6nnen sie in Deutschland ohne Heilpraktikerzulassung nur in einem sehr begrenzten Rahmen t\u00e4tig sein. Um rechtlich abgesichert zu sein, ben\u00f6tigen sie diese Zulassung, die sie berechtigt, Patienten zu behandeln. Andernfalls bewegen sie sich in einer rechtlichen Grauzone. In ordentlicher Zusammenarbeit mit Fachmedizinern ergibt sich ein wertvoller Baustein, um Menschen zu helfen. <span style=\"color: #999999;\"><a style=\"color: #999999;\" href=\"https:\/\/lange-reiki.de\/index.php\/knochenbrecher\/\">Weitere Information<\/a><br \/><a href=\"https:\/\/g.page\/r\/CYWIVzYabg2wEBI\/review\">Uns bewerten bei Google<\/a><br \/><img loading=\"lazy\" decoding=\"async\" class=\"alignnone size-full wp-image-904\" src=\"https:\/\/lange-reiki.de\/wp-content\/uploads\/2026\/01\/Download-2.png\" alt=\"Download (2)\" width=\"132\" height=\"132\" srcset=\"https:\/\/lange-reiki.de\/wp-content\/uploads\/2026\/01\/Download-2.png 132w, https:\/\/lange-reiki.de\/wp-content\/uploads\/2026\/01\/Download-2-36x36.png 36w\" sizes=\"auto, (max-width: 132px) 100vw, 132px\" \/><br \/><\/span><\/p>\r\n\r\n\r\n\r\n\r\n<!-- \/wp:post-content -->","protected":false},"excerpt":{"rendered":"","protected":false},"author":1,"featured_media":0,"parent":0,"menu_order":0,"comment_status":"closed","ping_status":"closed","template":"","meta":{"slim_seo":{"title":"Beim Lange","description":""},"footnotes":""},"class_list":["post-36","page","type-page","status-publish","hentry"],"_links":{"self":[{"href":"https:\/\/lange-reiki.de\/index.php\/wp-json\/wp\/v2\/pages\/36","targetHints":{"allow":["GET"]}}],"collection":[{"href":"https:\/\/lange-reiki.de\/index.php\/wp-json\/wp\/v2\/pages"}],"about":[{"href":"https:\/\/lange-reiki.de\/index.php\/wp-json\/wp\/v2\/types\/page"}],"author":[{"embeddable":true,"href":"https:\/\/lange-reiki.de\/index.php\/wp-json\/wp\/v2\/users\/1"}],"replies":[{"embeddable":true,"href":"https:\/\/lange-reiki.de\/index.php\/wp-json\/wp\/v2\/comments?post=36"}],"version-history":[{"count":10,"href":"https:\/\/lange-reiki.de\/index.php\/wp-json\/wp\/v2\/pages\/36\/revisions"}],"predecessor-version":[{"id":898,"href":"https:\/\/lange-reiki.de\/index.php\/wp-json\/wp\/v2\/pages\/36\/revisions\/898"}],"wp:attachment":[{"href":"https:\/\/lange-reiki.de\/index.php\/wp-json\/wp\/v2\/media?parent=36"}],"curies":[{"name":"wp","href":"https:\/\/api.w.org\/{rel}","templated":true}]}}