{"id":804,"date":"2025-02-25T15:56:19","date_gmt":"2025-02-25T14:56:19","guid":{"rendered":"https:\/\/lange-reiki.de\/?page_id=804"},"modified":"2025-02-26T06:11:10","modified_gmt":"2025-02-26T05:11:10","slug":"knochenbrecher","status":"publish","type":"page","link":"https:\/\/lange-reiki.de\/index.php\/knochenbrecher\/","title":{"rendered":"Knochenbrecher"},"content":{"rendered":"<p data-id=\"1e451978\/1\">Der Beruf des sogenannten \u201eKnochenbrechers\u201c ist eine volkst\u00fcmliche Bezeichnung f\u00fcr eine T\u00e4tigkeit, die mit der traditionellen Heilkunde in Verbindung steht.<\/p>\n<p data-id=\"1e451978\/4\">Knochenbrecher arbeiten \u00e4hnlich wie Chiropraktiker oder Osteopathen, wobei sie sich auf das Einrenken von Gelenken, das L\u00f6sen von Verspannungen und die Behandlung von Beschwerden im Bewegungsapparat konzentrieren.<\/p>\n<p data-id=\"1e451978\/3\">Sie sind vor allem in l\u00e4ndlichen Regionen Deutschlands bekannt und oft seit Generationen in Familien weitergegeben worden.<\/p>\n<h3 data-id=\"1e451978\/2\"><strong>Merkmale der T\u00e4tigkeit:<\/strong><\/h3>\n<ul>\n<li>Manuelle Techniken: Knochenbrecher nutzen ihre H\u00e4nde, um Blockaden, Verspannungen oder Gelenkprobleme zu behandeln. Sie arbeiten oft intuitiv und ohne technische Hilfsmittel.<\/li>\n<li>Traditionelle Heilkunst: Ihr Wissen basiert h\u00e4ufig auf m\u00fcndlich \u00fcberlieferten Techniken und Erfahrungen, nicht unbedingt auf wissenschaftlich fundierten Methoden.<\/li>\n<li>Regionaler Schwerpunkt: Diese Heiler findet man vor allem im l\u00e4ndlichen Raum, wo sie eine lange Tradition haben. Urspr\u00fcnglich kommt der \u201eKnochenbrecher\u201c aus der Tierheilkunde. Kuh, Pferd, Hund waren f\u00fcr die l\u00e4ndliche Bev\u00f6lkerung \u00fcberlebensnotwendig.<\/li>\n<li>\u201eKnochenbrecher\u201c ist keine gesch\u00fctzte Berufsbezeichnung: Im Gegensatz zu Osteopathen oder Chiropraktikern ist \u201eKnochenbrecher\u201c kein offiziell anerkannter oder gesch\u00fctzter Beruf.<\/li>\n<\/ul>\n<h3 data-id=\"1e451978\/9\"><strong>Rechtliche Aspekte:<\/strong><\/h3>\n<p data-id=\"1e451978\/10\">Da \u201eKnochenbrecher\u201c oft keine formale medizinische Ausbildung haben, k\u00f6nnen sie in Deutschland ohne Heilpraktikerzulassung nur in einem sehr begrenzten Rahmen t\u00e4tig sein. Um rechtlich abgesichert zu sein, ben\u00f6tigen sie diese Zulassung, die sie berechtigt, Patienten zu behandeln. Andernfalls bewegen sie sich in einer rechtlichen Grauzone. In ordentlicher Zusammenarbeit mit Fachmedizinern ergibt sich ein Wertvoller Baustein, um Menschen zu helfen.<\/p>\n<p data-id=\"1e451978\/11\">\u201eKnochenbrecher\u201c haben eine lange Tradition und genie\u00dfen in einigen Regionen ein hohes Ansehen, vor allem, wenn sie erfolgreich Beschwerden lindern\u00a0konnten.<\/p>\n","protected":false},"excerpt":{"rendered":"<p>Der Beruf des sogenannten \u201eKnochenbrechers\u201c ist eine volkst\u00fcmliche Bezeichnung f\u00fcr eine T\u00e4tigkeit, die mit der traditionellen Heilkunde in Verbindung steht. Knochenbrecher arbeiten \u00e4hnlich wie Chiropraktiker oder Osteopathen, wobei sie sich auf das Einrenken von Gelenken, das L\u00f6sen von Verspannungen und die Behandlung von Beschwerden im Bewegungsapparat konzentrieren. Sie sind vor allem in l\u00e4ndlichen Regionen Deutschlands [&hellip;]<\/p>\n","protected":false},"author":1,"featured_media":0,"parent":0,"menu_order":0,"comment_status":"closed","ping_status":"closed","template":"","meta":{"slim_seo":{"description":"Der Beruf des sogenannten \u201eKnochenbrechers\u201c ist eine volkst\u00fcmliche Bezeichnung f\u00fcr eine T\u00e4tigkeit, die mit der traditionellen Heilkunde in Verbindung steht. KnoBeim LangeDer Beruf des sogenannten \u201eKnochenbrechers\u201c ist eine volkst\u00fcmliche Bezeichnung f\u00fcr eine T\u00e4tigkeit, die mit der traditionellen Heilkunde in Verbindung steht. KnoAxel Reiki Lange &amp; Sohn","title":"Knochenbrecher - Beim Lange"},"footnotes":""},"class_list":["post-804","page","type-page","status-publish","hentry"],"_links":{"self":[{"href":"https:\/\/lange-reiki.de\/index.php\/wp-json\/wp\/v2\/pages\/804","targetHints":{"allow":["GET"]}}],"collection":[{"href":"https:\/\/lange-reiki.de\/index.php\/wp-json\/wp\/v2\/pages"}],"about":[{"href":"https:\/\/lange-reiki.de\/index.php\/wp-json\/wp\/v2\/types\/page"}],"author":[{"embeddable":true,"href":"https:\/\/lange-reiki.de\/index.php\/wp-json\/wp\/v2\/users\/1"}],"replies":[{"embeddable":true,"href":"https:\/\/lange-reiki.de\/index.php\/wp-json\/wp\/v2\/comments?post=804"}],"version-history":[{"count":2,"href":"https:\/\/lange-reiki.de\/index.php\/wp-json\/wp\/v2\/pages\/804\/revisions"}],"predecessor-version":[{"id":885,"href":"https:\/\/lange-reiki.de\/index.php\/wp-json\/wp\/v2\/pages\/804\/revisions\/885"}],"wp:attachment":[{"href":"https:\/\/lange-reiki.de\/index.php\/wp-json\/wp\/v2\/media?parent=804"}],"curies":[{"name":"wp","href":"https:\/\/api.w.org\/{rel}","templated":true}]}}