{"id":812,"date":"2025-02-25T15:59:24","date_gmt":"2025-02-25T14:59:24","guid":{"rendered":"https:\/\/lange-reiki.de\/?page_id=812"},"modified":"2026-01-31T01:18:05","modified_gmt":"2026-01-31T00:18:05","slug":"impressum","status":"publish","type":"page","link":"https:\/\/lange-reiki.de\/index.php\/impressum\/","title":{"rendered":"Impressum"},"content":{"rendered":"<div class=\"accordion__body\">\n<div class=\"accordion__content\">\n<div class=\"chayns-text-editor mode-0\">\n<div>\n<p><span style=\"color: #000000;\"><strong>beim Lange<img loading=\"lazy\" decoding=\"async\" class=\" wp-image-901 alignright\" src=\"https:\/\/lange-reiki.de\/wp-content\/uploads\/2026\/01\/Logo-2026-300x249.png\" alt=\"Logo\" width=\"199\" height=\"165\" srcset=\"https:\/\/lange-reiki.de\/wp-content\/uploads\/2026\/01\/Logo-2026-300x249.png 300w, https:\/\/lange-reiki.de\/wp-content\/uploads\/2026\/01\/Logo-2026.png 571w\" sizes=\"auto, (max-width: 199px) 100vw, 199px\" \/><\/strong><\/span><br \/>\n<span style=\"color: #808080;\">Inh. Bruce Hutschenreuter<\/span><br \/>\nZur Kuppa 7<br \/>\n15913 Klein Leine<br \/>\n<strong>Mail:<\/strong> mail@beim-lange.de<\/p>\n<p>Tele.: 035 471 \/ 80 96 21<\/p>\n<p class=\"ArialRegular11px\"><b>\u00d6ffentliche Angaben zum Unternehmen<br \/>\n<\/b><span style=\"color: #808080;\"><span class=\"chayns__font-size--10px\"><em>SteuerID: DE80426745192\u00a0 \/\/\u00a0<\/em><\/span><span class=\"chayns__font-size--10px\"><em>SteuerNr.: 049\/243\/02831<\/em><\/span><\/span><\/p>\n<p><span style=\"color: #999999;\">* Geb\u00fchr aus dem dt. Festnetz, Mobilfunkgeb. kann ggf. abweichen.<\/span><\/p>\n<p>Copyright \u00a9 2025 by Lange-Reiki.de Alle Rechte vorbehalten.<br \/>\nInsbesondere d\u00fcrfen Vervielf\u00e4ltigungen oder Nachdruck, weder teilweise noch als Ganzes, auf jeglichem Medium (Aufnahme in Online-Dienste und Internet und Vervielf\u00e4ltigung auf Datentr\u00e4ger wie CD-ROM, DVD-ROM etc.) nur nach vorheriger schriftlicher Zustimmung.<\/p>\n<hr \/>\n<div align=\"justify\">\n<p><span style=\"color: #999999;\">Haftungshinweise<\/span><\/p>\n<div align=\"justify\">\n<p><span style=\"color: #999999;\">Die Betreiber von Lange-Reiki.de \u00fcbernehmen keine Garantie daf\u00fcr, dass die auf dieser Website bereitgestellten Informationen vollst\u00e4ndig, richtig und in jedem Fall aktuell sind. Dies gilt auch f\u00fcr alle Verbindungen (\u201eLinks\u201c), auf die diese Website direkt oder indirekt verweist. Die Betreiber von sind f\u00fcr den Inhalt einer Seite, die mit einem solchen Link erreicht wird, nicht verantwortlich. Die Betreiber von behalten sich ferner das Recht vor, ohne vorherige Ank\u00fcndigung, \u00c4nderung oder Erg\u00e4nzungen der bereitgestellten Informationen vorzunehmen.<\/span><\/p>\n<p><span style=\"color: #999999;\">F\u00fcr Websites Dritter, auf die der Herausgeber durch sogenannte Links verweist, tragen die jeweiligen Anbieter die Verantwortung. Der Herausgeber ist f\u00fcr den Inhalt solcher Sites Dritter nicht verantwortlich. Des Weiteren kann die Website des Herausgebers ohne dessen Wissen von anderen Websites mittels sogenannter Links an gelinkt werden. Der Herausgeber \u00fcbernimmt keine Verantwortung f\u00fcr Darstellungen, Inhalt oder irgendeine Verbindung zur Parteigliederung des Herausgebers in Websites Dritter. F\u00fcr fremde Inhalte ist der Herausgeber nur dann verantwortlich, wenn er von ihnen (d.h. auch von einem rechtswidrigen oder strafbaren Inhalt) positive Kenntnis hat und es dem Herausgeber technisch m\u00f6glich und zumutbar ist, deren Nutzung zu verhindern. Der Herausgeber ist nach dem Teledienstgesetz jedoch nicht verpflichtet, die fremden Inhalte st\u00e4ndig zu \u00fcberpr\u00fcfen.<\/span><\/p>\n<hr \/>\n<\/div>\n<\/div>\n<\/div>\n<\/div>\n<\/div>\n<\/div>\n","protected":false},"excerpt":{"rendered":"<p>beim Lange Inh. Bruce Hutschenreuter Zur Kuppa 7 15913 Klein Leine Mail: mail@beim-lange.de Tele.: 035 471 \/ 80 96 21 \u00d6ffentliche Angaben zum Unternehmen SteuerID: DE80426745192\u00a0 \/\/\u00a0SteuerNr.: 049\/243\/02831 * Geb\u00fchr aus dem dt. Festnetz, Mobilfunkgeb. kann ggf. abweichen. Copyright \u00a9 2025 by Lange-Reiki.de Alle Rechte vorbehalten. Insbesondere d\u00fcrfen Vervielf\u00e4ltigungen oder Nachdruck, weder teilweise noch als [&hellip;]<\/p>\n","protected":false},"author":1,"featured_media":0,"parent":0,"menu_order":0,"comment_status":"closed","ping_status":"closed","template":"","meta":{"slim_seo":{"title":"Impressum - Beim Lange","description":"beim Lange Inh. Bruce Hutschenreuter Zur Kuppa 7 15913 Klein Leine Mail: mail@beim-lange.de Tele.: 035 471 \/ 80 96 21 \u00d6ffentliche Angaben zum Unternehmen Steuer"},"footnotes":""},"class_list":["post-812","page","type-page","status-publish","hentry"],"_links":{"self":[{"href":"https:\/\/lange-reiki.de\/index.php\/wp-json\/wp\/v2\/pages\/812","targetHints":{"allow":["GET"]}}],"collection":[{"href":"https:\/\/lange-reiki.de\/index.php\/wp-json\/wp\/v2\/pages"}],"about":[{"href":"https:\/\/lange-reiki.de\/index.php\/wp-json\/wp\/v2\/types\/page"}],"author":[{"embeddable":true,"href":"https:\/\/lange-reiki.de\/index.php\/wp-json\/wp\/v2\/users\/1"}],"replies":[{"embeddable":true,"href":"https:\/\/lange-reiki.de\/index.php\/wp-json\/wp\/v2\/comments?post=812"}],"version-history":[{"count":6,"href":"https:\/\/lange-reiki.de\/index.php\/wp-json\/wp\/v2\/pages\/812\/revisions"}],"predecessor-version":[{"id":814,"href":"https:\/\/lange-reiki.de\/index.php\/wp-json\/wp\/v2\/pages\/812\/revisions\/814"}],"wp:attachment":[{"href":"https:\/\/lange-reiki.de\/index.php\/wp-json\/wp\/v2\/media?parent=812"}],"curies":[{"name":"wp","href":"https:\/\/api.w.org\/{rel}","templated":true}]}}